{"id":2176,"date":"2021-06-14T09:44:08","date_gmt":"2021-06-14T09:44:08","guid":{"rendered":"https:\/\/www.lapidaire-tourneur.fr\/?page_id=2176"},"modified":"2021-06-22T13:36:47","modified_gmt":"2021-06-22T13:36:47","slug":"nos-services","status":"publish","type":"page","link":"https:\/\/www.lapidaire-tourneur.fr\/en\/nos-services\/","title":{"rendered":"Our services"},"content":{"rendered":"<div data-elementor-type=\"wp-page\" data-elementor-id=\"2176\" class=\"elementor elementor-2176\" data-elementor-settings=\"[]\">\n\t\t\t\t\t\t<div class=\"elementor-inner\">\n\t\t\t\t\t\t\t<div class=\"elementor-section-wrap\">\n\t\t\t\t\t\t\t<section class=\"elementor-section elementor-top-section elementor-element elementor-element-9c02812 elementor-section-boxed elementor-section-height-default elementor-section-height-default\" data-id=\"9c02812\" data-element_type=\"section\">\n\t\t\t\t\t\t<div class=\"elementor-container elementor-column-gap-default\">\n\t\t\t\t\t\t\t<div class=\"elementor-row\">\n\t\t\t\t\t<div class=\"elementor-column elementor-col-100 elementor-top-column elementor-element elementor-element-7ae1543\" data-id=\"7ae1543\" data-element_type=\"column\">\n\t\t\t<div class=\"elementor-column-wrap elementor-element-populated\">\n\t\t\t\t\t\t\t<div class=\"elementor-widget-wrap\">\n\t\t\t\t\t\t<div class=\"elementor-element elementor-element-65c0df2 elementor-widget elementor-widget-exhibz-title\" data-id=\"65c0df2\" data-element_type=\"widget\" data-settings=\"{&quot;ekit_we_effect_on&quot;:&quot;none&quot;}\" data-widget_type=\"exhibz-title.default\">\n\t\t\t\t<div class=\"elementor-widget-container\">\n\t\t\t\n    <div class=\"title-section-area\">\n        <h2 class=\"section-title\">\n            <span class=\"sub-title\"><\/span>\n\t\t\tCreation & restoration of objects        <\/h2>\n\t\t\t\t\t<div class=\"title-desc\"><p>Shooting of shower feet, vase ...<\/p><\/div>\n\t\t                    <span class=\"title-shape\">\n                  <svg xmlns='http:\/\/www.w3.org\/2000\/svg' xmlns:xlink='http:\/\/www.w3.org\/1999\/xlink' width='71px' height='11px'> <path fill-rule='evenodd' d='M59.669,10.710 L49.164,3.306 L39.428,10.681 L29.714,3.322 L20.006,10.682 L10.295,3.322 L1.185,10.228 L-0.010,8.578 L10.295,0.765 L20.006,8.125 L29.714,0.765 L39.428,8.125 L49.122,0.781 L59.680,8.223 L69.858,1.192 L70.982,2.895 L59.669,10.710 Z'\/><\/svg>\n            <\/span>\n                    <\/div><!-- Section title -->\n    \n    \n\n    \t\t<\/div>\n\t\t\t\t<\/div>\n\t\t\t\t<section class=\"elementor-section elementor-inner-section elementor-element elementor-element-a28a6e1 elementor-section-boxed elementor-section-height-default elementor-section-height-default\" data-id=\"a28a6e1\" data-element_type=\"section\">\n\t\t\t\t\t\t<div class=\"elementor-container elementor-column-gap-default\">\n\t\t\t\t\t\t\t<div class=\"elementor-row\">\n\t\t\t\t\t<div class=\"elementor-column elementor-col-100 elementor-inner-column elementor-element elementor-element-9e3e6a1\" data-id=\"9e3e6a1\" data-element_type=\"column\">\n\t\t\t<div class=\"elementor-column-wrap elementor-element-populated\">\n\t\t\t\t\t\t\t<div class=\"elementor-widget-wrap\">\n\t\t\t\t\t\t<div class=\"elementor-element elementor-element-66a7c35 elementor-widget elementor-widget-text-editor\" data-id=\"66a7c35\" data-element_type=\"widget\" data-settings=\"{&quot;ekit_we_effect_on&quot;:&quot;none&quot;}\" data-widget_type=\"text-editor.default\">\n\t\t\t\t<div class=\"elementor-widget-container\">\n\t\t\t\t\t\t\t\t<div class=\"elementor-text-editor elementor-clearfix\">\n\t\t\t\t\t<p>Pendulums, shrouds, columns, plinths, rings, adornment, cup, any object that can be made according to the hardness of the stone.<\/p><p>The cutter having kept the same production and polishing techniques, it restores ancient works of art in order to keep the \"original patina\".<\/p><p>Hard stone marquetry and micro marquetry are part of their expertise, as is vase turning.<\/p><p>Today the tailor works with designers for contemporary projects, with antique dealers mainly for restoration (pedestal table, furniture, statues, etc.) but also with jewelers from Place Vendome for creation.<\/p>\t\t\t\t\t<\/div>\n\t\t\t\t\t\t<\/div>\n\t\t\t\t<\/div>\n\t\t\t\t\t\t<\/div>\n\t\t\t\t\t<\/div>\n\t\t<\/div>\n\t\t\t\t\t\t\t\t<\/div>\n\t\t\t\t\t<\/div>\n\t\t<\/section>\n\t\t\t\t<section class=\"elementor-section elementor-inner-section elementor-element elementor-element-ac91f03 elementor-section-boxed elementor-section-height-default elementor-section-height-default\" data-id=\"ac91f03\" data-element_type=\"section\">\n\t\t\t\t\t\t<div class=\"elementor-container elementor-column-gap-default\">\n\t\t\t\t\t\t\t<div class=\"elementor-row\">\n\t\t\t\t\t<div class=\"elementor-column elementor-col-50 elementor-inner-column elementor-element elementor-element-3b5589f\" data-id=\"3b5589f\" data-element_type=\"column\">\n\t\t\t<div class=\"elementor-column-wrap elementor-element-populated\">\n\t\t\t\t\t\t\t<div class=\"elementor-widget-wrap\">\n\t\t\t\t\t\t<div class=\"elementor-element elementor-element-e20f1b4 elementor-widget elementor-widget-text-editor\" data-id=\"e20f1b4\" data-element_type=\"widget\" data-settings=\"{&quot;ekit_we_effect_on&quot;:&quot;none&quot;}\" data-widget_type=\"text-editor.default\">\n\t\t\t\t<div class=\"elementor-widget-container\">\n\t\t\t\t\t\t\t\t<div class=\"elementor-text-editor elementor-clearfix\">\n\t\t\t\t\t<h4>Our Services :<\/h4>\n<strong>Cr\u00e9ation : <\/strong>\n<ul>\n \t<li>Parures : colliers, bagues, bracelets, Boucles d\u2019Oreilles.<\/li>\n \t<li>Pendules : pendule portique, pendule myst\u00e9rieuse.<\/li>\n \t<li>Tout objet insolite : linceul, corbeilles \u00e0 papier, n\u00e9cessaires de bureau, etc.<\/li>\n<\/ul>\n<strong>Restauration :<\/strong>\n<ul>\n \t<li>Gu\u00e9ridons<\/li>\n \t<li>Vases : vase entier ou seulement partie du vase (pied douche, couronne, etc.)<\/li>\n \t<li>Statues<\/li>\n \t<li>Socles : avec ou sans \u00e9paulement<\/li>\n<\/ul>\n<strong>Tournage :<\/strong>\n<ul>\n \t<li>Vases<\/li>\n \t<li>Colonnes : pour pendule<\/li>\n \t<li>Boites \u00e0 pilules : avec ou sans godron, avec ou sans cannelure<\/li>\n<\/ul>\t\t\t\t\t<\/div>\n\t\t\t\t\t\t<\/div>\n\t\t\t\t<\/div>\n\t\t\t\t\t\t<\/div>\n\t\t\t\t\t<\/div>\n\t\t<\/div>\n\t\t\t\t<div class=\"elementor-column elementor-col-50 elementor-inner-column elementor-element elementor-element-75b7afc\" data-id=\"75b7afc\" data-element_type=\"column\">\n\t\t\t<div class=\"elementor-column-wrap elementor-element-populated\">\n\t\t\t\t\t\t\t<div class=\"elementor-widget-wrap\">\n\t\t\t\t\t\t<div class=\"elementor-element elementor-element-5bfc238 elementor-widget elementor-widget-image\" data-id=\"5bfc238\" data-element_type=\"widget\" data-settings=\"{&quot;ekit_we_effect_on&quot;:&quot;none&quot;}\" data-widget_type=\"image.default\">\n\t\t\t\t<div class=\"elementor-widget-container\">\n\t\t\t\t\t\t\t\t<div class=\"elementor-image\">\n\t\t\t\t\t\t\t\t\t\t\t\t<img width=\"300\" height=\"200\" src=\"https:\/\/www.lapidaire-tourneur.fr\/wp-content\/uploads\/2021\/06\/galerie3.jpg\" class=\"attachment-large size-large\" alt=\"\" loading=\"lazy\" \/>\t\t\t\t\t\t\t\t\t\t\t\t\t\t<\/div>\n\t\t\t\t\t\t<\/div>\n\t\t\t\t<\/div>\n\t\t\t\t\t\t<\/div>\n\t\t\t\t\t<\/div>\n\t\t<\/div>\n\t\t\t\t\t\t\t\t<\/div>\n\t\t\t\t\t<\/div>\n\t\t<\/section>\n\t\t\t\t\t\t<\/div>\n\t\t\t\t\t<\/div>\n\t\t<\/div>\n\t\t\t\t\t\t\t\t<\/div>\n\t\t\t\t\t<\/div>\n\t\t<\/section>\n\t\t\t\t<section class=\"elementor-section elementor-top-section elementor-element elementor-element-6505206 elementor-section-boxed elementor-section-height-default elementor-section-height-default\" data-id=\"6505206\" data-element_type=\"section\" data-settings=\"{&quot;background_background&quot;:&quot;classic&quot;}\">\n\t\t\t\t\t\t<div class=\"elementor-container elementor-column-gap-default\">\n\t\t\t\t\t\t\t<div class=\"elementor-row\">\n\t\t\t\t\t<div class=\"elementor-column elementor-col-100 elementor-top-column elementor-element elementor-element-cffdaf3\" data-id=\"cffdaf3\" data-element_type=\"column\">\n\t\t\t<div class=\"elementor-column-wrap elementor-element-populated\">\n\t\t\t\t\t\t\t<div class=\"elementor-widget-wrap\">\n\t\t\t\t\t\t<div class=\"elementor-element elementor-element-63e0ad9 elementor-widget elementor-widget-exhibz-title\" data-id=\"63e0ad9\" data-element_type=\"widget\" data-settings=\"{&quot;ekit_we_effect_on&quot;:&quot;none&quot;}\" data-widget_type=\"exhibz-title.default\">\n\t\t\t\t<div class=\"elementor-widget-container\">\n\t\t\t\n    <div class=\"title-section-area\">\n        <h2 class=\"section-title\">\n            <span class=\"sub-title\"><\/span>\n\t\t\tGlass restoration        <\/h2>\n\t\t\t\t\t<div class=\"title-desc\"><p>baccarat, daum, gall\u00e9\u2026<\/p><\/div>\n\t\t                    <span class=\"title-shape\">\n                  <svg xmlns='http:\/\/www.w3.org\/2000\/svg' xmlns:xlink='http:\/\/www.w3.org\/1999\/xlink' width='71px' height='11px'> <path fill-rule='evenodd' d='M59.669,10.710 L49.164,3.306 L39.428,10.681 L29.714,3.322 L20.006,10.682 L10.295,3.322 L1.185,10.228 L-0.010,8.578 L10.295,0.765 L20.006,8.125 L29.714,0.765 L39.428,8.125 L49.122,0.781 L59.680,8.223 L69.858,1.192 L70.982,2.895 L59.669,10.710 Z'\/><\/svg>\n            <\/span>\n                    <\/div><!-- Section title -->\n    \n    \n\n    \t\t<\/div>\n\t\t\t\t<\/div>\n\t\t\t\t<section class=\"elementor-section elementor-inner-section elementor-element elementor-element-1225997 elementor-section-boxed elementor-section-height-default elementor-section-height-default\" data-id=\"1225997\" data-element_type=\"section\">\n\t\t\t\t\t\t<div class=\"elementor-container elementor-column-gap-default\">\n\t\t\t\t\t\t\t<div class=\"elementor-row\">\n\t\t\t\t\t<div class=\"elementor-column elementor-col-100 elementor-inner-column elementor-element elementor-element-cd80c77\" data-id=\"cd80c77\" data-element_type=\"column\">\n\t\t\t<div class=\"elementor-column-wrap\">\n\t\t\t\t\t\t\t<div class=\"elementor-widget-wrap\">\n\t\t\t\t\t\t\t\t<\/div>\n\t\t\t\t\t<\/div>\n\t\t<\/div>\n\t\t\t\t\t\t\t\t<\/div>\n\t\t\t\t\t<\/div>\n\t\t<\/section>\n\t\t\t\t<section class=\"elementor-section elementor-inner-section elementor-element elementor-element-2234cc9 elementor-section-boxed elementor-section-height-default elementor-section-height-default\" data-id=\"2234cc9\" data-element_type=\"section\">\n\t\t\t\t\t\t<div class=\"elementor-container elementor-column-gap-default\">\n\t\t\t\t\t\t\t<div class=\"elementor-row\">\n\t\t\t\t\t<div class=\"elementor-column elementor-col-50 elementor-inner-column elementor-element elementor-element-466f7d7\" data-id=\"466f7d7\" data-element_type=\"column\">\n\t\t\t<div class=\"elementor-column-wrap elementor-element-populated\">\n\t\t\t\t\t\t\t<div class=\"elementor-widget-wrap\">\n\t\t\t\t\t\t<div class=\"elementor-element elementor-element-70fef89 elementor-widget elementor-widget-image\" data-id=\"70fef89\" data-element_type=\"widget\" data-settings=\"{&quot;ekit_we_effect_on&quot;:&quot;none&quot;}\" data-widget_type=\"image.default\">\n\t\t\t\t<div class=\"elementor-widget-container\">\n\t\t\t\t\t\t\t\t<div class=\"elementor-image\">\n\t\t\t\t\t\t\t\t\t\t\t\t<img width=\"300\" height=\"450\" src=\"https:\/\/www.lapidaire-tourneur.fr\/wp-content\/uploads\/2021\/06\/verre2.jpg\" class=\"attachment-large size-large\" alt=\"\" loading=\"lazy\" srcset=\"https:\/\/www.lapidaire-tourneur.fr\/wp-content\/uploads\/2021\/06\/verre2.jpg 300w, https:\/\/www.lapidaire-tourneur.fr\/wp-content\/uploads\/2021\/06\/verre2-200x300.jpg 200w\" sizes=\"(max-width: 300px) 100vw, 300px\" \/>\t\t\t\t\t\t\t\t\t\t\t\t\t\t<\/div>\n\t\t\t\t\t\t<\/div>\n\t\t\t\t<\/div>\n\t\t\t\t\t\t<\/div>\n\t\t\t\t\t<\/div>\n\t\t<\/div>\n\t\t\t\t<div class=\"elementor-column elementor-col-50 elementor-inner-column elementor-element elementor-element-87a1f40\" data-id=\"87a1f40\" data-element_type=\"column\">\n\t\t\t<div class=\"elementor-column-wrap elementor-element-populated\">\n\t\t\t\t\t\t\t<div class=\"elementor-widget-wrap\">\n\t\t\t\t\t\t<div class=\"elementor-element elementor-element-7ced8fb elementor-widget elementor-widget-text-editor\" data-id=\"7ced8fb\" data-element_type=\"widget\" data-settings=\"{&quot;ekit_we_effect_on&quot;:&quot;none&quot;}\" data-widget_type=\"text-editor.default\">\n\t\t\t\t<div class=\"elementor-widget-container\">\n\t\t\t\t\t\t\t\t<div class=\"elementor-text-editor elementor-clearfix\">\n\t\t\t\t\tWe restore your chipped glasses and your broken glass objects such as your cups, vases or any other type of glass object. We restore all glasses whether they are made by Daum, Gall\u00e9, Lalique, etc.\n\nWe also change the broken glasses on pewter stems.\t\t\t\t\t<\/div>\n\t\t\t\t\t\t<\/div>\n\t\t\t\t<\/div>\n\t\t\t\t\t\t<\/div>\n\t\t\t\t\t<\/div>\n\t\t<\/div>\n\t\t\t\t\t\t\t\t<\/div>\n\t\t\t\t\t<\/div>\n\t\t<\/section>\n\t\t\t\t\t\t<\/div>\n\t\t\t\t\t<\/div>\n\t\t<\/div>\n\t\t\t\t\t\t\t\t<\/div>\n\t\t\t\t\t<\/div>\n\t\t<\/section>\n\t\t\t\t\t\t<\/div>\n\t\t\t\t\t\t<\/div>\n\t\t\t\t\t<\/div>","protected":false},"excerpt":{"rendered":"<p>Cr\u00e9ation &amp; Restauration d\u2019objets Tournage de pieds douches, vase\u2026 Pendules, linceul, colonnes, socles, bagues, parure, coupe, tout objet r\u00e9alisable selon la duret\u00e9 de la pierre. La taillerie ayant gard\u00e9 les memes techniques de r\u00e9alisation et de polissage, elle restaure les oeuvres d&rsquo;Arts anciennes afin de garder la \u00ab patine d\u2019origine \u00bb. La marqueterie de pierres [&hellip;]<\/p>","protected":false},"author":1,"featured_media":0,"parent":0,"menu_order":0,"comment_status":"closed","ping_status":"closed","template":"template\/full-width-template.php","meta":[],"yoast_head":"<!-- This site is optimized with the Yoast SEO plugin v16.8 - https:\/\/yoast.com\/wordpress\/plugins\/seo\/ -->\n<title>Cr\u00e9ation &amp; Restauration d\u2019objets et de verres - pierres fines et dures<\/title>\n<meta name=\"robots\" content=\"index, follow, max-snippet:-1, max-image-preview:large, max-video-preview:-1\" \/>\n<link rel=\"canonical\" href=\"https:\/\/www.lapidaire-tourneur.fr\/en\/nos-services\/\" \/>\n<meta property=\"og:locale\" content=\"en_GB\" \/>\n<meta property=\"og:type\" content=\"article\" \/>\n<meta property=\"og:title\" content=\"Cr\u00e9ation &amp; Restauration d\u2019objets et de verres - pierres fines et dures\" \/>\n<meta property=\"og:description\" content=\"Cr\u00e9ation &amp; Restauration d\u2019objets Tournage de pieds douches, vase\u2026 Pendules, linceul, colonnes, socles, bagues, parure, coupe, tout objet r\u00e9alisable selon la duret\u00e9 de la pierre. La taillerie ayant gard\u00e9 les memes techniques de r\u00e9alisation et de polissage, elle restaure les oeuvres d&rsquo;Arts anciennes afin de garder la \u00ab patine d\u2019origine \u00bb. La marqueterie de pierres [&hellip;]\" \/>\n<meta property=\"og:url\" content=\"https:\/\/www.lapidaire-tourneur.fr\/en\/nos-services\/\" \/>\n<meta property=\"og:site_name\" content=\"Lapidaire Tourneur\" \/>\n<meta property=\"article:modified_time\" content=\"2021-06-22T13:36:47+00:00\" \/>\n<meta property=\"og:image\" content=\"https:\/\/www.lapidaire-tourneur.fr\/wp-content\/uploads\/2021\/06\/galerie3.jpg\" \/>\n<meta name=\"twitter:card\" content=\"summary_large_image\" \/>\n<meta name=\"twitter:label1\" content=\"Estimated reading time\" \/>\n\t<meta name=\"twitter:data1\" content=\"1 minute\" \/>\n<script type=\"application\/ld+json\" class=\"yoast-schema-graph\">{\"@context\":\"https:\/\/schema.org\",\"@graph\":[{\"@type\":\"WebSite\",\"@id\":\"https:\/\/www.lapidaire-tourneur.fr\/#website\",\"url\":\"https:\/\/www.lapidaire-tourneur.fr\/\",\"name\":\"Lapidaire Tourneur\",\"description\":\"Francis Bourjot Lapidaire Tourneur\",\"potentialAction\":[{\"@type\":\"SearchAction\",\"target\":{\"@type\":\"EntryPoint\",\"urlTemplate\":\"https:\/\/www.lapidaire-tourneur.fr\/?s={search_term_string}\"},\"query-input\":\"required name=search_term_string\"}],\"inLanguage\":\"en-GB\"},{\"@type\":\"ImageObject\",\"@id\":\"https:\/\/www.lapidaire-tourneur.fr\/nos-services\/#primaryimage\",\"inLanguage\":\"en-GB\",\"url\":\"https:\/\/www.lapidaire-tourneur.fr\/wp-content\/uploads\/2021\/06\/galerie3.jpg\",\"contentUrl\":\"https:\/\/www.lapidaire-tourneur.fr\/wp-content\/uploads\/2021\/06\/galerie3.jpg\",\"width\":300,\"height\":200},{\"@type\":\"WebPage\",\"@id\":\"https:\/\/www.lapidaire-tourneur.fr\/nos-services\/#webpage\",\"url\":\"https:\/\/www.lapidaire-tourneur.fr\/nos-services\/\",\"name\":\"Cr\\u00e9ation & Restauration d\\u2019objets et de verres - pierres fines et dures\",\"isPartOf\":{\"@id\":\"https:\/\/www.lapidaire-tourneur.fr\/#website\"},\"primaryImageOfPage\":{\"@id\":\"https:\/\/www.lapidaire-tourneur.fr\/nos-services\/#primaryimage\"},\"datePublished\":\"2021-06-14T09:44:08+00:00\",\"dateModified\":\"2021-06-22T13:36:47+00:00\",\"breadcrumb\":{\"@id\":\"https:\/\/www.lapidaire-tourneur.fr\/nos-services\/#breadcrumb\"},\"inLanguage\":\"en-GB\",\"potentialAction\":[{\"@type\":\"ReadAction\",\"target\":[\"https:\/\/www.lapidaire-tourneur.fr\/nos-services\/\"]}]},{\"@type\":\"BreadcrumbList\",\"@id\":\"https:\/\/www.lapidaire-tourneur.fr\/nos-services\/#breadcrumb\",\"itemListElement\":[{\"@type\":\"ListItem\",\"position\":1,\"name\":\"Nos services\"}]}]}<\/script>\n<!-- \/ Yoast SEO plugin. -->","yoast_head_json":{"title":"Cr\u00e9ation & Restauration d\u2019objets et de verres - pierres fines et dures","robots":{"index":"index","follow":"follow","max-snippet":"max-snippet:-1","max-image-preview":"max-image-preview:large","max-video-preview":"max-video-preview:-1"},"canonical":"https:\/\/www.lapidaire-tourneur.fr\/en\/nos-services\/","og_locale":"en_GB","og_type":"article","og_title":"Cr\u00e9ation & Restauration d\u2019objets et de verres - pierres fines et dures","og_description":"Cr\u00e9ation &amp; Restauration d\u2019objets Tournage de pieds douches, vase\u2026 Pendules, linceul, colonnes, socles, bagues, parure, coupe, tout objet r\u00e9alisable selon la duret\u00e9 de la pierre. La taillerie ayant gard\u00e9 les memes techniques de r\u00e9alisation et de polissage, elle restaure les oeuvres d&rsquo;Arts anciennes afin de garder la \u00ab patine d\u2019origine \u00bb. La marqueterie de pierres [&hellip;]","og_url":"https:\/\/www.lapidaire-tourneur.fr\/en\/nos-services\/","og_site_name":"Lapidaire Tourneur","article_modified_time":"2021-06-22T13:36:47+00:00","og_image":[{"url":"https:\/\/www.lapidaire-tourneur.fr\/wp-content\/uploads\/2021\/06\/galerie3.jpg"}],"twitter_card":"summary_large_image","twitter_misc":{"Estimated reading time":"1 minute"},"schema":{"@context":"https:\/\/schema.org","@graph":[{"@type":"WebSite","@id":"https:\/\/www.lapidaire-tourneur.fr\/#website","url":"https:\/\/www.lapidaire-tourneur.fr\/","name":"Lapidaire Tourneur","description":"Francis Bourjot Lapidaire Tourneur","potentialAction":[{"@type":"SearchAction","target":{"@type":"EntryPoint","urlTemplate":"https:\/\/www.lapidaire-tourneur.fr\/?s={search_term_string}"},"query-input":"required name=search_term_string"}],"inLanguage":"en-GB"},{"@type":"ImageObject","@id":"https:\/\/www.lapidaire-tourneur.fr\/nos-services\/#primaryimage","inLanguage":"en-GB","url":"https:\/\/www.lapidaire-tourneur.fr\/wp-content\/uploads\/2021\/06\/galerie3.jpg","contentUrl":"https:\/\/www.lapidaire-tourneur.fr\/wp-content\/uploads\/2021\/06\/galerie3.jpg","width":300,"height":200},{"@type":"WebPage","@id":"https:\/\/www.lapidaire-tourneur.fr\/nos-services\/#webpage","url":"https:\/\/www.lapidaire-tourneur.fr\/nos-services\/","name":"Cr\u00e9ation & Restauration d\u2019objets et de verres - pierres fines et dures","isPartOf":{"@id":"https:\/\/www.lapidaire-tourneur.fr\/#website"},"primaryImageOfPage":{"@id":"https:\/\/www.lapidaire-tourneur.fr\/nos-services\/#primaryimage"},"datePublished":"2021-06-14T09:44:08+00:00","dateModified":"2021-06-22T13:36:47+00:00","breadcrumb":{"@id":"https:\/\/www.lapidaire-tourneur.fr\/nos-services\/#breadcrumb"},"inLanguage":"en-GB","potentialAction":[{"@type":"ReadAction","target":["https:\/\/www.lapidaire-tourneur.fr\/nos-services\/"]}]},{"@type":"BreadcrumbList","@id":"https:\/\/www.lapidaire-tourneur.fr\/nos-services\/#breadcrumb","itemListElement":[{"@type":"ListItem","position":1,"name":"Nos services"}]}]}},"_links":{"self":[{"href":"https:\/\/www.lapidaire-tourneur.fr\/en\/wp-json\/wp\/v2\/pages\/2176"}],"collection":[{"href":"https:\/\/www.lapidaire-tourneur.fr\/en\/wp-json\/wp\/v2\/pages"}],"about":[{"href":"https:\/\/www.lapidaire-tourneur.fr\/en\/wp-json\/wp\/v2\/types\/page"}],"author":[{"embeddable":true,"href":"https:\/\/www.lapidaire-tourneur.fr\/en\/wp-json\/wp\/v2\/users\/1"}],"replies":[{"embeddable":true,"href":"https:\/\/www.lapidaire-tourneur.fr\/en\/wp-json\/wp\/v2\/comments?post=2176"}],"version-history":[{"count":20,"href":"https:\/\/www.lapidaire-tourneur.fr\/en\/wp-json\/wp\/v2\/pages\/2176\/revisions"}],"predecessor-version":[{"id":2353,"href":"https:\/\/www.lapidaire-tourneur.fr\/en\/wp-json\/wp\/v2\/pages\/2176\/revisions\/2353"}],"wp:attachment":[{"href":"https:\/\/www.lapidaire-tourneur.fr\/en\/wp-json\/wp\/v2\/media?parent=2176"}],"curies":[{"name":"wp","href":"https:\/\/api.w.org\/{rel}","templated":true}]}}