{"id":2035,"date":"2021-06-14T08:20:06","date_gmt":"2021-06-14T08:20:06","guid":{"rendered":"https:\/\/www.lapidaire-tourneur.fr\/?post_type=product&#038;p=2035"},"modified":"2021-07-30T06:41:28","modified_gmt":"2021-07-30T06:41:28","slug":"obsidienne-chatoyante","status":"publish","type":"product","link":"https:\/\/www.lapidaire-tourneur.fr\/en\/product\/obsidienne-chatoyante\/","title":{"rendered":"Obsidienne chatoyante"},"content":{"rendered":"<p>Son nom viendrait, selon Pline, d\u2019Obsidius qui l\u2019aurait rapport\u00e9e d&rsquo;\u00c9thiopie, ce qui aurait conduit les Romains \u00e0 l\u2019appeler \u201cobsidius lapis\u201d.<br \/>\n\u00c0 partir du XVII\u00e8me si\u00e8cle on rel\u00e8ve les noms de hyalopsite, mountain mahogany, agate noire d\u2019Islande, miroir des Incas, pierre de Gallinace\u2026<br \/>\nElle fut d\u2019abord class\u00e9e parmi les roches et parmi les \u201cpierres dures\u201d par Brongniart.<br \/>\nHa\u00fcy, qui reconnut son origine, la nomme \u201clave vitreuse obsidienne\u201d.<br \/>\nGlobalement, c\u2019est un verre volcanique, compos\u00e9 de tectosilicates, qui s\u2019est form\u00e9 par refroidissement rapide d\u2019un magma dans lequel les atomes dispers\u00e9s dans la mati\u00e8re fondue n\u2019ont pas eu le temps de s\u2019ordonner en r\u00e9seau cristallin : c\u2019est la forme vitrifi\u00e9e de la rhyolite.<\/p>","protected":false},"excerpt":{"rendered":"<p>Son nom viendrait, selon Pline, d\u2019Obsidius qui l\u2019aurait rapport\u00e9e d&rsquo;\u00c9thiopie, ce qui aurait conduit les Romains \u00e0 l\u2019appeler \u201cobsidius lapis\u201d. \u00c0 partir du XVII\u00e8me si\u00e8cle on rel\u00e8ve les noms de hyalopsite, mountain mahogany, agate noire d\u2019Islande, miroir des Incas, pierre de Gallinace\u2026 Elle fut d\u2019abord class\u00e9e parmi les roches et parmi les \u201cpierres dures\u201d par [&hellip;]<\/p>","protected":false},"featured_media":2206,"comment_status":"open","ping_status":"closed","template":"","meta":[],"product_cat":[33],"product_tag":[],"yoast_head":"<!-- This site is optimized with the Yoast SEO plugin v16.8 - https:\/\/yoast.com\/wordpress\/plugins\/seo\/ -->\n<title>Obsidienne chatoyante - Lapidaire Tourneur<\/title>\n<meta name=\"robots\" content=\"index, follow, max-snippet:-1, max-image-preview:large, max-video-preview:-1\" \/>\n<link rel=\"canonical\" href=\"https:\/\/www.lapidaire-tourneur.fr\/en\/product\/obsidienne-chatoyante\/\" \/>\n<meta property=\"og:locale\" content=\"en_GB\" \/>\n<meta property=\"og:type\" content=\"article\" \/>\n<meta property=\"og:title\" content=\"Obsidienne chatoyante - Lapidaire Tourneur\" \/>\n<meta property=\"og:description\" content=\"Son nom viendrait, selon Pline, d\u2019Obsidius qui l\u2019aurait rapport\u00e9e d&rsquo;\u00c9thiopie, ce qui aurait conduit les Romains \u00e0 l\u2019appeler \u201cobsidius lapis\u201d. \u00c0 partir du XVII\u00e8me si\u00e8cle on rel\u00e8ve les noms de hyalopsite, mountain mahogany, agate noire d\u2019Islande, miroir des Incas, pierre de Gallinace\u2026 Elle fut d\u2019abord class\u00e9e parmi les roches et parmi les \u201cpierres dures\u201d par [&hellip;]\" \/>\n<meta property=\"og:url\" content=\"https:\/\/www.lapidaire-tourneur.fr\/en\/product\/obsidienne-chatoyante\/\" \/>\n<meta property=\"og:site_name\" content=\"Lapidaire Tourneur\" \/>\n<meta property=\"article:modified_time\" content=\"2021-07-30T06:41:28+00:00\" \/>\n<meta property=\"og:image\" content=\"https:\/\/www.lapidaire-tourneur.fr\/wp-content\/uploads\/2021\/06\/1-1.jpg\" \/>\n\t<meta property=\"og:image:width\" content=\"500\" \/>\n\t<meta property=\"og:image:height\" content=\"500\" \/>\n<meta name=\"twitter:card\" content=\"summary_large_image\" \/>\n<meta name=\"twitter:label1\" content=\"Estimated reading time\" \/>\n\t<meta name=\"twitter:data1\" content=\"1 minute\" \/>\n<script type=\"application\/ld+json\" class=\"yoast-schema-graph\">{\"@context\":\"https:\/\/schema.org\",\"@graph\":[{\"@type\":\"WebSite\",\"@id\":\"https:\/\/www.lapidaire-tourneur.fr\/#website\",\"url\":\"https:\/\/www.lapidaire-tourneur.fr\/\",\"name\":\"Lapidaire Tourneur\",\"description\":\"Francis Bourjot Lapidaire Tourneur\",\"potentialAction\":[{\"@type\":\"SearchAction\",\"target\":{\"@type\":\"EntryPoint\",\"urlTemplate\":\"https:\/\/www.lapidaire-tourneur.fr\/?s={search_term_string}\"},\"query-input\":\"required name=search_term_string\"}],\"inLanguage\":\"en-GB\"},{\"@type\":\"ImageObject\",\"@id\":\"https:\/\/www.lapidaire-tourneur.fr\/produit\/obsidienne-chatoyante\/#primaryimage\",\"inLanguage\":\"en-GB\",\"url\":\"https:\/\/www.lapidaire-tourneur.fr\/wp-content\/uploads\/2021\/06\/1-1.jpg\",\"contentUrl\":\"https:\/\/www.lapidaire-tourneur.fr\/wp-content\/uploads\/2021\/06\/1-1.jpg\",\"width\":500,\"height\":500},{\"@type\":\"WebPage\",\"@id\":\"https:\/\/www.lapidaire-tourneur.fr\/produit\/obsidienne-chatoyante\/#webpage\",\"url\":\"https:\/\/www.lapidaire-tourneur.fr\/produit\/obsidienne-chatoyante\/\",\"name\":\"Obsidienne chatoyante - Lapidaire Tourneur\",\"isPartOf\":{\"@id\":\"https:\/\/www.lapidaire-tourneur.fr\/#website\"},\"primaryImageOfPage\":{\"@id\":\"https:\/\/www.lapidaire-tourneur.fr\/produit\/obsidienne-chatoyante\/#primaryimage\"},\"datePublished\":\"2021-06-14T08:20:06+00:00\",\"dateModified\":\"2021-07-30T06:41:28+00:00\",\"breadcrumb\":{\"@id\":\"https:\/\/www.lapidaire-tourneur.fr\/produit\/obsidienne-chatoyante\/#breadcrumb\"},\"inLanguage\":\"en-GB\",\"potentialAction\":[{\"@type\":\"ReadAction\",\"target\":[\"https:\/\/www.lapidaire-tourneur.fr\/produit\/obsidienne-chatoyante\/\"]}]},{\"@type\":\"BreadcrumbList\",\"@id\":\"https:\/\/www.lapidaire-tourneur.fr\/produit\/obsidienne-chatoyante\/#breadcrumb\",\"itemListElement\":[{\"@type\":\"ListItem\",\"position\":1,\"name\":\"Nos mati\\u00e8res\",\"item\":\"https:\/\/www.lapidaire-tourneur.fr\/nos-matieres\/\"},{\"@type\":\"ListItem\",\"position\":2,\"name\":\"Obsidienne chatoyante\"}]}]}<\/script>\n<!-- \/ Yoast SEO plugin. -->","yoast_head_json":{"title":"Obsidienne chatoyante - Lapidaire Tourneur","robots":{"index":"index","follow":"follow","max-snippet":"max-snippet:-1","max-image-preview":"max-image-preview:large","max-video-preview":"max-video-preview:-1"},"canonical":"https:\/\/www.lapidaire-tourneur.fr\/en\/product\/obsidienne-chatoyante\/","og_locale":"en_GB","og_type":"article","og_title":"Obsidienne chatoyante - Lapidaire Tourneur","og_description":"Son nom viendrait, selon Pline, d\u2019Obsidius qui l\u2019aurait rapport\u00e9e d&rsquo;\u00c9thiopie, ce qui aurait conduit les Romains \u00e0 l\u2019appeler \u201cobsidius lapis\u201d. \u00c0 partir du XVII\u00e8me si\u00e8cle on rel\u00e8ve les noms de hyalopsite, mountain mahogany, agate noire d\u2019Islande, miroir des Incas, pierre de Gallinace\u2026 Elle fut d\u2019abord class\u00e9e parmi les roches et parmi les \u201cpierres dures\u201d par [&hellip;]","og_url":"https:\/\/www.lapidaire-tourneur.fr\/en\/product\/obsidienne-chatoyante\/","og_site_name":"Lapidaire Tourneur","article_modified_time":"2021-07-30T06:41:28+00:00","og_image":[{"width":500,"height":500,"url":"https:\/\/www.lapidaire-tourneur.fr\/wp-content\/uploads\/2021\/06\/1-1.jpg","path":"\/home\/awlw4031\/www.lapidaire-tourneur.fr\/wp-content\/uploads\/2021\/06\/1-1.jpg","size":"full","id":2206,"alt":"","pixels":250000,"type":"image\/jpeg"}],"twitter_card":"summary_large_image","twitter_misc":{"Estimated reading time":"1 minute"},"schema":{"@context":"https:\/\/schema.org","@graph":[{"@type":"WebSite","@id":"https:\/\/www.lapidaire-tourneur.fr\/#website","url":"https:\/\/www.lapidaire-tourneur.fr\/","name":"Lapidaire Tourneur","description":"Francis Bourjot Lapidaire Tourneur","potentialAction":[{"@type":"SearchAction","target":{"@type":"EntryPoint","urlTemplate":"https:\/\/www.lapidaire-tourneur.fr\/?s={search_term_string}"},"query-input":"required name=search_term_string"}],"inLanguage":"en-GB"},{"@type":"ImageObject","@id":"https:\/\/www.lapidaire-tourneur.fr\/produit\/obsidienne-chatoyante\/#primaryimage","inLanguage":"en-GB","url":"https:\/\/www.lapidaire-tourneur.fr\/wp-content\/uploads\/2021\/06\/1-1.jpg","contentUrl":"https:\/\/www.lapidaire-tourneur.fr\/wp-content\/uploads\/2021\/06\/1-1.jpg","width":500,"height":500},{"@type":"WebPage","@id":"https:\/\/www.lapidaire-tourneur.fr\/produit\/obsidienne-chatoyante\/#webpage","url":"https:\/\/www.lapidaire-tourneur.fr\/produit\/obsidienne-chatoyante\/","name":"Obsidienne chatoyante - Lapidaire Tourneur","isPartOf":{"@id":"https:\/\/www.lapidaire-tourneur.fr\/#website"},"primaryImageOfPage":{"@id":"https:\/\/www.lapidaire-tourneur.fr\/produit\/obsidienne-chatoyante\/#primaryimage"},"datePublished":"2021-06-14T08:20:06+00:00","dateModified":"2021-07-30T06:41:28+00:00","breadcrumb":{"@id":"https:\/\/www.lapidaire-tourneur.fr\/produit\/obsidienne-chatoyante\/#breadcrumb"},"inLanguage":"en-GB","potentialAction":[{"@type":"ReadAction","target":["https:\/\/www.lapidaire-tourneur.fr\/produit\/obsidienne-chatoyante\/"]}]},{"@type":"BreadcrumbList","@id":"https:\/\/www.lapidaire-tourneur.fr\/produit\/obsidienne-chatoyante\/#breadcrumb","itemListElement":[{"@type":"ListItem","position":1,"name":"Nos mati\u00e8res","item":"https:\/\/www.lapidaire-tourneur.fr\/nos-matieres\/"},{"@type":"ListItem","position":2,"name":"Obsidienne chatoyante"}]}]}},"_links":{"self":[{"href":"https:\/\/www.lapidaire-tourneur.fr\/en\/wp-json\/wp\/v2\/product\/2035"}],"collection":[{"href":"https:\/\/www.lapidaire-tourneur.fr\/en\/wp-json\/wp\/v2\/product"}],"about":[{"href":"https:\/\/www.lapidaire-tourneur.fr\/en\/wp-json\/wp\/v2\/types\/product"}],"replies":[{"embeddable":true,"href":"https:\/\/www.lapidaire-tourneur.fr\/en\/wp-json\/wp\/v2\/comments?post=2035"}],"wp:featuredmedia":[{"embeddable":true,"href":"https:\/\/www.lapidaire-tourneur.fr\/en\/wp-json\/wp\/v2\/media\/2206"}],"wp:attachment":[{"href":"https:\/\/www.lapidaire-tourneur.fr\/en\/wp-json\/wp\/v2\/media?parent=2035"}],"wp:term":[{"taxonomy":"product_cat","embeddable":true,"href":"https:\/\/www.lapidaire-tourneur.fr\/en\/wp-json\/wp\/v2\/product_cat?post=2035"},{"taxonomy":"product_tag","embeddable":true,"href":"https:\/\/www.lapidaire-tourneur.fr\/en\/wp-json\/wp\/v2\/product_tag?post=2035"}],"curies":[{"name":"wp","href":"https:\/\/api.w.org\/{rel}","templated":true}]}}